{"id":6370,"date":"2025-01-24T12:22:29","date_gmt":"2025-01-24T15:22:29","guid":{"rendered":"https:\/\/feelsouthamerica.com\/?page_id=6370"},"modified":"2025-01-24T14:18:34","modified_gmt":"2025-01-24T17:18:34","slug":"terminos-y-condiciones","status":"publish","type":"page","link":"https:\/\/feelsouthamerica.com\/es\/terminos-y-condiciones\/","title":{"rendered":"T\u00e9rminos y condiciones"},"content":{"rendered":"\t\t<div data-elementor-type=\"wp-page\" data-elementor-id=\"6370\" class=\"elementor elementor-6370 elementor-6369\" data-elementor-post-type=\"page\">\n\t\t\t\t\t\t<section class=\"elementor-section elementor-top-section elementor-element elementor-element-094af3c elementor-section-boxed elementor-section-height-default elementor-section-height-default\" data-id=\"094af3c\" data-element_type=\"section\" data-e-type=\"section\" data-settings=\"{&quot;background_background&quot;:&quot;classic&quot;,&quot;shape_divider_bottom&quot;:&quot;waves&quot;,&quot;jet_parallax_layout_list&quot;:[]}\">\n\t\t\t\t\t\t\t<div class=\"elementor-background-overlay\"><\/div>\n\t\t\t\t\t\t<div class=\"elementor-shape elementor-shape-bottom\" aria-hidden=\"true\" data-negative=\"false\">\n\t\t\t<svg xmlns=\"http:\/\/www.w3.org\/2000\/svg\" viewBox=\"0 0 1000 100\" preserveAspectRatio=\"none\">\n\t<path class=\"elementor-shape-fill\" d=\"M421.9,6.5c22.6-2.5,51.5,0.4,75.5,5.3c23.6,4.9,70.9,23.5,100.5,35.7c75.8,32.2,133.7,44.5,192.6,49.7\n\tc23.6,2.1,48.7,3.5,103.4-2.5c54.7-6,106.2-25.6,106.2-25.6V0H0v30.3c0,0,72,32.6,158.4,30.5c39.2-0.7,92.8-6.7,134-22.4\n\tc21.2-8.1,52.2-18.2,79.7-24.2C399.3,7.9,411.6,7.5,421.9,6.5z\"\/>\n<\/svg>\t\t<\/div>\n\t\t\t\t\t<div class=\"elementor-container elementor-column-gap-default\">\n\t\t\t\t\t<div class=\"elementor-column elementor-col-100 elementor-top-column elementor-element elementor-element-6b046d6\" data-id=\"6b046d6\" data-element_type=\"column\" data-e-type=\"column\">\n\t\t\t<div class=\"elementor-widget-wrap elementor-element-populated\">\n\t\t\t\t\t\t<div class=\"elementor-element elementor-element-8da095d elementor-widget__width-initial elementor-widget elementor-widget-heading\" data-id=\"8da095d\" data-element_type=\"widget\" data-e-type=\"widget\" data-widget_type=\"heading.default\">\n\t\t\t\t<div class=\"elementor-widget-container\">\n\t\t\t\t\t<h1 class=\"elementor-heading-title elementor-size-default\">T\u00e9rminos y Condiciones<\/h1>\t\t\t\t<\/div>\n\t\t\t\t<\/div>\n\t\t\t\t\t<\/div>\n\t\t<\/div>\n\t\t\t\t\t<\/div>\n\t\t<\/section>\n\t\t\t\t<section class=\"elementor-section elementor-top-section elementor-element elementor-element-29835de elementor-section-boxed elementor-section-height-default elementor-section-height-default\" data-id=\"29835de\" data-element_type=\"section\" data-e-type=\"section\" data-settings=\"{&quot;background_background&quot;:&quot;classic&quot;,&quot;jet_parallax_layout_list&quot;:[]}\">\n\t\t\t\t\t\t<div class=\"elementor-container elementor-column-gap-no\">\n\t\t\t\t\t<div class=\"elementor-column elementor-col-100 elementor-top-column elementor-element elementor-element-5663bdd\" data-id=\"5663bdd\" data-element_type=\"column\" data-e-type=\"column\">\n\t\t\t<div class=\"elementor-widget-wrap elementor-element-populated\">\n\t\t\t\t\t\t<div class=\"elementor-element elementor-element-1c5880c elementor-widget elementor-widget-heading\" data-id=\"1c5880c\" data-element_type=\"widget\" data-e-type=\"widget\" data-widget_type=\"heading.default\">\n\t\t\t\t<div class=\"elementor-widget-container\">\n\t\t\t\t\t<h2 class=\"elementor-heading-title elementor-size-default\">T\u00e9rminos y condiciones<\/h2>\t\t\t\t<\/div>\n\t\t\t\t<\/div>\n\t\t\t\t<div class=\"elementor-element elementor-element-6b9e77a elementor-widget elementor-widget-text-editor\" data-id=\"6b9e77a\" data-element_type=\"widget\" data-e-type=\"widget\" data-widget_type=\"text-editor.default\">\n\t\t\t\t<div class=\"elementor-widget-container\">\n\t\t\t\t\t\t\t\t\t<p><strong>Esta es una visi\u00f3n general de nuestros T\u00e9rminos y Condiciones. Ten en cuenta que pueden variar para ciertos itinerarios personalizados; si tienes alguna duda, ponte en contacto con tu consultor de Feel SouthAmerica.<\/strong><\/p>\t\t\t\t\t\t\t\t<\/div>\n\t\t\t\t<\/div>\n\t\t\t\t<div class=\"elementor-element elementor-element-f82b0e2 elementor-widget elementor-widget-text-editor\" data-id=\"f82b0e2\" data-element_type=\"widget\" data-e-type=\"widget\" data-widget_type=\"text-editor.default\">\n\t\t\t\t<div class=\"elementor-widget-container\">\n\t\t\t\t\t\t\t\t\t<p><strong>1.<\/strong><b> ITINERARIO<\/b><\/p><p style=\"padding-left: 40px;\">Aunque nuestros itinerarios est\u00e1n planeados con gran cuidado por nuestros expertos en destinos, por razones operativas, una vez que el viajero ha llegado al destino, puede ser necesario cambiar la secuencia de las actividades. Estos cambios son excepcionales y, si llegaran a ocurrir, ser\u00e1n con el \u00fanico objetivo de ofrecer la mejor experiencia a los viajeros.<\/p><p><strong><br \/>2. PRECIOS<br \/><\/strong><\/p><p style=\"padding-left: 40px;\">Todos los precios est\u00e1n en d\u00f3lares estadounidenses y est\u00e1n sujetos a cambios sin previo aviso. Los precios se basan por persona, en habitaci\u00f3n doble, a menos que se especifique lo contrario en cada cotizaci\u00f3n, paquete, producto, gu\u00eda de tarifas, folleto, etc.<\/p><p><b><br \/>3. DETALLES DE LA RESERVA<\/b><\/p><p style=\"padding-left: 40px;\"><span style=\"background-color: var( --e-global-color-11e4ca0 ); font-style: inherit; text-decoration-line: initial; font-weight: inherit;\">Toda reserva debe incluir al menos la siguiente informaci\u00f3n sobre el pasajero(s) o grupo:<\/span><b><br \/><\/b><\/p><ul><li>Copia de pasaporte<\/li><li>Informaci\u00f3n de vuelos (internacionales y dom\u00e9sticos) si no fueron emitidos con nosotros.<\/li><li>Especificaciones dietarias, si las hubiere.<\/li><li>Cualquier otra condici\u00f3n importante de la que nuestros expertos en viajes deban estar informados.<\/li><\/ul><p style=\"padding-left: 40px;\">Tambi\u00e9n es recomendable proporcionarnos un n\u00famero de tel\u00e9fono y\/o direcci\u00f3n de correo electr\u00f3nico para contactar al pasajero mientras viaja, en caso de que haya alg\u00fan cambio de \u00faltimo momento en el itinerario.<\/p><p><strong><br \/>4. FORMAS DE PAGO<\/strong><\/p><p style=\"padding-left: 40px;\">Aceptamos todas las tarjetas de cr\u00e9dito (MasterCard, Visa, American Express) y transferencias bancarias.<br \/>Se requiere el pago completo en nombre de Feel SouthAmerica, lo que constituye la aceptaci\u00f3n de los t\u00e9rminos y condiciones.<\/p><p style=\"padding-left: 40px;\"><strong>Nuestros plazos habituales para nuestros productos terrestres son:<\/strong><\/p><ul><li>Dep\u00f3sito no reembolsable del 30% en el momento de la confirmaci\u00f3n.<\/li><li>El saldo final se debe pagar 60 d\u00edas antes de la llegada.<\/li><\/ul><p style=\"padding-left: 40px;\">Pueden aplicarse plazos m\u00e1s ajustados o diferentes en tours a medida espec\u00edficos. Estas condiciones ser\u00e1n detalladas por nuestros expertos en viajes en cada caso particular.<\/p><p><strong>5. CANCELACIONES Y REEMBOLSOS<br \/><\/strong><\/p><p style=\"padding-left: 40px;\">Las cancelaciones est\u00e1n sujetas a las siguientes penalidades sobre el precio total del viaje:<\/p><ul><li>Dep\u00f3sito no reembolsable del 30% debido en el momento de la confirmaci\u00f3n.<\/li><li>De 60 a 31 d\u00edas antes de la llegada: penalizaci\u00f3n del 50%.<\/li><li>30 d\u00edas o menos antes de la llegada: penalizaci\u00f3n del 100%.<\/li><\/ul><p style=\"padding-left: 40px;\">Las tarifas de cancelaci\u00f3n pueden variar para ciertos itinerarios personalizados; tu consultor de Feel SouthAmerica te especificar\u00e1 las tarifas de cancelaci\u00f3n antes de realizar tu reserva. Por favor, consulta con nosotros si tienes alguna duda.<\/p><p><strong>6. POL\u00cdTICAS Y TARIFAS PARA BEB\u00c9S Y NI\u00d1OS<\/strong><\/p><p style=\"padding-left: 40px;\">Los t\u00e9rminos y tarifas especiales para menores se aplicar\u00e1n en cada cotizaci\u00f3n, ya que est\u00e1n sujetos a los proveedores involucrados en cada propuesta y a la edad del menor.<br \/>Se requiere una copia escaneada del pasaporte del ni\u00f1o (al igual que el resto de la familia) para finalizar la reserva.<\/p><p><strong>7. FECHAS Y CONDICIONES ESPECIALES<\/strong><\/p><p style=\"padding-left: 40px;\">Algunos destinos, servicios y hoteles aumentan sus tarifas y tienen t\u00e9rminos y condiciones m\u00e1s estrictos durante ciertos d\u00edas festivos, festividades religiosas o fechas especiales.<\/p><p style=\"padding-left: 40px;\">En el caso de que alguna cotizaci\u00f3n no siga los plazos regulares y las tarifas de cancelaci\u00f3n, nuestros consultores de viajes lo especificar\u00e1n.<\/p><p style=\"padding-left: 40px;\">Algunas de estas fechas o eventos especiales son:<\/p><ul><li>Carnaval.<\/li><li>Festival Tapati.<\/li><li>Semana Santa.<\/li><li>Feriados nacionales, variables en cada pa\u00eds.<\/li><li>Vacaciones de Navidad (24 y 25 de diciembre).<\/li><li>Vacaciones de A\u00f1o Nuevo (31 de diciembre y 1 de enero).<\/li><li>Eventos especiales en cada ciudad.<\/li><li>Eventos deportivos.<\/li><li>Reuniones y eventos de importancia internacional.<\/li><\/ul><p><strong>8. PASAPORTES, VISAS, ADUANAS Y EXTRAS<\/strong><\/p><p style=\"padding-left: 40px;\">El pasajero es responsable de obtener pasaportes, visas, seguro de viaje, pago de equipaje facturado y\/o exceso de equipaje, extras personales en el hotel (bebidas, servicios de lavander\u00eda y comunicaci\u00f3n, etc.), impuestos de salida nacionales e internacionales del aeropuerto, propinas, tasas tur\u00edsticas de la ciudad, impuesto portuario y cualquier otro servicio que no se haya especificado en el itinerario.<\/p><p style=\"padding-left: 40px;\">Si tienes alguna duda, consulta con el asesor de viajes designado, quien aclarar\u00e1 todos los detalles. Sobre dudas espec\u00edficas de visas sugerimos contactar a la embajada\/consulado m\u00e1s cercana\/o de los pa\u00edses que visitar\u00e1 durante su viaje.<\/p><p><strong>9. VACUNAS<\/strong><\/p><p style=\"padding-left: 40px;\">Ten en cuenta que los requisitos de vacunaci\u00f3n est\u00e1n sujetos a cambios en cada pa\u00eds y es responsabilidad del viajero, no de Feel SouthAmerica, verificar los requisitos antes de la llegada. Sin embargo, si tienes alguna duda, no dudes en contactar a uno de nuestros expertos en destinos que te ayudar\u00e1.<\/p><p style=\"padding-left: 40px;\">Adem\u00e1s, la <span style=\"text-decoration: underline;\"><strong><a href=\"https:\/\/www.who.int\/health-topics\/travel-and-health\/#tab=tab_1\">OMS<\/a><\/strong><\/span> recomienda las siguientes vacunas para los viajeros a Sudam\u00e9rica: hepatitis A, hepatitis B, tifoidea, c\u00f3lera, fiebre amarilla y rabia.<\/p><p style=\"padding-left: 40px;\">Tambi\u00e9n se recomiendan algunas vacunas de rutina, como el sarampi\u00f3n, las paperas y la rub\u00e9ola (MMR), t\u00e9tanos, difteria y tos ferina (Tdap), influenza, varicela, herpes z\u00f3ster, neumon\u00eda, meningitis y polio. Si tienes alguna duda, consulta a tu m\u00e9dico antes de viajar.<\/p><p style=\"padding-left: 40px;\">Es posible que se requiera prueba de vacunaci\u00f3n contra la fiebre amarilla para algunos viajeros, seg\u00fan su itinerario espec\u00edfico. Puedes encontrar m\u00e1s detalles en el sitio web de la <strong><span style=\"text-decoration: underline;\"><a href=\"https:\/\/www.who.int\/travel-advice\/vaccines\">OMS.<\/a><\/span><\/strong><\/p><p><strong><br \/>10. SEGURO DE VIAJE<\/strong><\/p><p style=\"padding-left: 40px;\">Recomendamos encarecidamente a los pasajeros que obtengan un seguro de cancelaci\u00f3n de viaje, repatriaci\u00f3n y seguro m\u00e9dico internacional para cubrir cualquier inconveniente que pueda surgir durante el viaje.<\/p><p style=\"padding-left: 40px;\">Tambi\u00e9n te instamos a consultar con un m\u00e9dico para actualizar las vacunas y revisar cualquier problema m\u00e9dico relacionado con los viajes internacionales.<\/p><p><strong>11. CL\u00c1USULA DE RESPONSABILIDAD<\/strong><\/p><p style=\"padding-left: 40px;\">Feel SouthAmerica act\u00faa \u00fanicamente como intermediario para los pasajeros en todos los asuntos relacionados con el transporte, el alojamiento u otros servicios.<\/p><p style=\"padding-left: 40px;\">Como intermediarios, todos los boletos, \u00f3rdenes de canje o vales son emitidos sujetos a todos los t\u00e9rminos y condiciones bajo los cuales se ofrecen o proporcionan dichos medios de transporte, alojamiento u otros servicios.<\/p><p style=\"padding-left: 40px;\">El agente de reserva, las aerol\u00edneas involucradas y el agente general no ser\u00e1n responsables de ning\u00fan veh\u00edculo proporcionado por cualquier otra parte, empresa o corporaci\u00f3n en el cumplimiento o incumplimiento de los arreglos previamente acordados, ni por la negligencia de cualquier otra parte, empresa o corporaci\u00f3n en la provisi\u00f3n o falta de provisi\u00f3n. No se les responsabilizar\u00e1 por ning\u00fan acto, omisi\u00f3n o evento durante el tiempo en que los pasajeros no est\u00e9n a bordo de su transporte.<\/p><p style=\"padding-left: 40px;\">El contrato de pasajero en uso por parte de las aerol\u00edneas correspondientes, cuando se emite, constituir\u00e1 el \u00fanico contrato entre el agente de reserva, el agente general de la aerol\u00ednea y el comprador y\/o pasajero de estos.<\/p><p style=\"padding-left: 40px;\">Sugerimos que contrates una p\u00f3liza de seguro con tu agencia de viajes.<\/p><div>\u00a0<\/div>\t\t\t\t\t\t\t\t<\/div>\n\t\t\t\t<\/div>\n\t\t\t\t\t<\/div>\n\t\t<\/div>\n\t\t\t\t\t<\/div>\n\t\t<\/section>\n\t\t\t\t<section class=\"elementor-section elementor-top-section elementor-element elementor-element-b844383 elementor-section-boxed elementor-section-height-default elementor-section-height-default\" data-id=\"b844383\" data-element_type=\"section\" data-e-type=\"section\" data-settings=\"{&quot;background_background&quot;:&quot;classic&quot;,&quot;shape_divider_bottom&quot;:&quot;waves&quot;,&quot;jet_parallax_layout_list&quot;:[]}\">\n\t\t\t\t\t\t\t<div class=\"elementor-background-overlay\"><\/div>\n\t\t\t\t\t\t<div class=\"elementor-shape elementor-shape-bottom\" aria-hidden=\"true\" data-negative=\"false\">\n\t\t\t<svg xmlns=\"http:\/\/www.w3.org\/2000\/svg\" viewBox=\"0 0 1000 100\" preserveAspectRatio=\"none\">\n\t<path class=\"elementor-shape-fill\" d=\"M421.9,6.5c22.6-2.5,51.5,0.4,75.5,5.3c23.6,4.9,70.9,23.5,100.5,35.7c75.8,32.2,133.7,44.5,192.6,49.7\n\tc23.6,2.1,48.7,3.5,103.4-2.5c54.7-6,106.2-25.6,106.2-25.6V0H0v30.3c0,0,72,32.6,158.4,30.5c39.2-0.7,92.8-6.7,134-22.4\n\tc21.2-8.1,52.2-18.2,79.7-24.2C399.3,7.9,411.6,7.5,421.9,6.5z\"\/>\n<\/svg>\t\t<\/div>\n\t\t\t\t\t<div class=\"elementor-container elementor-column-gap-no\">\n\t\t\t\t\t<div class=\"elementor-column elementor-col-100 elementor-top-column elementor-element elementor-element-76e9422\" data-id=\"76e9422\" data-element_type=\"column\" data-e-type=\"column\">\n\t\t\t<div class=\"elementor-widget-wrap\">\n\t\t\t\t\t\t\t<\/div>\n\t\t<\/div>\n\t\t\t\t\t<\/div>\n\t\t<\/section>\n\t\t\t\t<\/div>\n\t\t","protected":false},"excerpt":{"rendered":"<p>T\u00e9rminos y Condiciones T\u00e9rminos y condiciones Esta es una visi\u00f3n general de nuestros T\u00e9rminos y Condiciones. Ten en cuenta que pueden variar para ciertos itinerarios personalizados; si tienes alguna duda, ponte en contacto con tu consultor de Feel SouthAmerica. 1. ITINERARIO Aunque nuestros itinerarios est\u00e1n planeados con gran cuidado por nuestros expertos en destinos, por [&hellip;]<\/p>\n","protected":false},"author":2,"featured_media":0,"parent":0,"menu_order":0,"comment_status":"closed","ping_status":"closed","template":"","meta":{"site-sidebar-layout":"no-sidebar","site-content-layout":"page-builder","ast-site-content-layout":"full-width-container","site-content-style":"unboxed","site-sidebar-style":"unboxed","ast-global-header-display":"","ast-banner-title-visibility":"","ast-main-header-display":"","ast-hfb-above-header-display":"","ast-hfb-below-header-display":"","ast-hfb-mobile-header-display":"","site-post-title":"disabled","ast-breadcrumbs-content":"","ast-featured-img":"disabled","footer-sml-layout":"","ast-disable-related-posts":"","theme-transparent-header-meta":"enabled","adv-header-id-meta":"","stick-header-meta":"default","header-above-stick-meta":"","header-main-stick-meta":"","header-below-stick-meta":"","astra-migrate-meta-layouts":"set","ast-page-background-enabled":"default","ast-page-background-meta":{"desktop":{"background-color":"","background-image":"","background-repeat":"repeat","background-position":"center center","background-size":"auto","background-attachment":"scroll","background-type":"","background-media":"","overlay-type":"","overlay-color":"","overlay-opacity":"","overlay-gradient":""},"tablet":{"background-color":"","background-image":"","background-repeat":"repeat","background-position":"center center","background-size":"auto","background-attachment":"scroll","background-type":"","background-media":"","overlay-type":"","overlay-color":"","overlay-opacity":"","overlay-gradient":""},"mobile":{"background-color":"","background-image":"","background-repeat":"repeat","background-position":"center center","background-size":"auto","background-attachment":"scroll","background-type":"","background-media":"","overlay-type":"","overlay-color":"","overlay-opacity":"","overlay-gradient":""}},"ast-content-background-meta":{"desktop":{"background-color":"var(--ast-global-color-5)","background-image":"","background-repeat":"repeat","background-position":"center center","background-size":"auto","background-attachment":"scroll","background-type":"","background-media":"","overlay-type":"","overlay-color":"","overlay-opacity":"","overlay-gradient":""},"tablet":{"background-color":"var(--ast-global-color-5)","background-image":"","background-repeat":"repeat","background-position":"center center","background-size":"auto","background-attachment":"scroll","background-type":"","background-media":"","overlay-type":"","overlay-color":"","overlay-opacity":"","overlay-gradient":""},"mobile":{"background-color":"var(--ast-global-color-5)","background-image":"","background-repeat":"repeat","background-position":"center center","background-size":"auto","background-attachment":"scroll","background-type":"","background-media":"","overlay-type":"","overlay-color":"","overlay-opacity":"","overlay-gradient":""}},"_joinchat":[],"footnotes":""},"class_list":["post-6370","page","type-page","status-publish","hentry"],"yoast_head":"<!-- This site is optimized with the Yoast SEO Premium plugin v23.4 (Yoast SEO v26.4) - https:\/\/yoast.com\/wordpress\/plugins\/seo\/ -->\n<title>T\u00e9rminos y condiciones - Feel South America<\/title>\n<meta name=\"robots\" content=\"index, follow, max-snippet:-1, max-image-preview:large, max-video-preview:-1\" \/>\n<link rel=\"canonical\" href=\"https:\/\/feelsouthamerica.com\/es\/terminos-y-condiciones\/\" \/>\n<meta property=\"og:locale\" content=\"es_ES\" \/>\n<meta property=\"og:type\" content=\"article\" \/>\n<meta property=\"og:title\" content=\"T\u00e9rminos y condiciones\" \/>\n<meta property=\"og:description\" content=\"T\u00e9rminos y Condiciones T\u00e9rminos y condiciones Esta es una visi\u00f3n general de nuestros T\u00e9rminos y Condiciones. Ten en cuenta que pueden variar para ciertos itinerarios personalizados; si tienes alguna duda, ponte en contacto con tu consultor de Feel SouthAmerica. 1. ITINERARIO Aunque nuestros itinerarios est\u00e1n planeados con gran cuidado por nuestros expertos en destinos, por [&hellip;]\" \/>\n<meta property=\"og:url\" content=\"https:\/\/feelsouthamerica.com\/es\/terminos-y-condiciones\/\" \/>\n<meta property=\"og:site_name\" content=\"Feel South America\" \/>\n<meta property=\"article:modified_time\" content=\"2025-01-24T17:18:34+00:00\" \/>\n<meta name=\"twitter:card\" content=\"summary_large_image\" \/>\n<meta name=\"twitter:label1\" content=\"Tiempo de lectura\" \/>\n\t<meta name=\"twitter:data1\" content=\"5 minutos\" \/>\n<script type=\"application\/ld+json\" class=\"yoast-schema-graph\">{\"@context\":\"https:\/\/schema.org\",\"@graph\":[{\"@type\":\"WebPage\",\"@id\":\"https:\/\/feelsouthamerica.com\/es\/terminos-y-condiciones\/\",\"url\":\"https:\/\/feelsouthamerica.com\/es\/terminos-y-condiciones\/\",\"name\":\"T\u00e9rminos y condiciones - Feel South America\",\"isPartOf\":{\"@id\":\"https:\/\/feelsouthamerica.com\/es\/#website\"},\"datePublished\":\"2025-01-24T15:22:29+00:00\",\"dateModified\":\"2025-01-24T17:18:34+00:00\",\"breadcrumb\":{\"@id\":\"https:\/\/feelsouthamerica.com\/es\/terminos-y-condiciones\/#breadcrumb\"},\"inLanguage\":\"es\",\"potentialAction\":[{\"@type\":\"ReadAction\",\"target\":[\"https:\/\/feelsouthamerica.com\/es\/terminos-y-condiciones\/\"]}]},{\"@type\":\"BreadcrumbList\",\"@id\":\"https:\/\/feelsouthamerica.com\/es\/terminos-y-condiciones\/#breadcrumb\",\"itemListElement\":[{\"@type\":\"ListItem\",\"position\":1,\"name\":\"Home\",\"item\":\"https:\/\/feelsouthamerica.com\/es\/\"},{\"@type\":\"ListItem\",\"position\":2,\"name\":\"T\u00e9rminos y condiciones\"}]},{\"@type\":\"WebSite\",\"@id\":\"https:\/\/feelsouthamerica.com\/es\/#website\",\"url\":\"https:\/\/feelsouthamerica.com\/es\/\",\"name\":\"Feel South America\",\"description\":\"The Authentic Southern Vibes\",\"publisher\":{\"@id\":\"https:\/\/feelsouthamerica.com\/es\/#organization\"},\"potentialAction\":[{\"@type\":\"SearchAction\",\"target\":{\"@type\":\"EntryPoint\",\"urlTemplate\":\"https:\/\/feelsouthamerica.com\/es\/?s={search_term_string}\"},\"query-input\":{\"@type\":\"PropertyValueSpecification\",\"valueRequired\":true,\"valueName\":\"search_term_string\"}}],\"inLanguage\":\"es\"},{\"@type\":\"Organization\",\"@id\":\"https:\/\/feelsouthamerica.com\/es\/#organization\",\"name\":\"Feel South America\",\"url\":\"https:\/\/feelsouthamerica.com\/es\/\",\"logo\":{\"@type\":\"ImageObject\",\"inLanguage\":\"es\",\"@id\":\"https:\/\/feelsouthamerica.com\/es\/#\/schema\/logo\/image\/\",\"url\":\"https:\/\/feelsouthamerica.com\/wp-content\/uploads\/FSA-Logos-Fondo-Claro_r2_c1.png\",\"contentUrl\":\"https:\/\/feelsouthamerica.com\/wp-content\/uploads\/FSA-Logos-Fondo-Claro_r2_c1.png\",\"width\":549,\"height\":475,\"caption\":\"Feel South America\"},\"image\":{\"@id\":\"https:\/\/feelsouthamerica.com\/es\/#\/schema\/logo\/image\/\"},\"sameAs\":[\"https:\/\/www.instagram.com\/feelsouthamerica\/\"],\"description\":\"We specialize in creating tailor-made trips across South America. Our passion is designing unique travel experiences that perfectly suit your tastes and lifestyle.\",\"email\":\"hello@feelsouthamerica.com\",\"telephone\":\"+1 561 437 2050\",\"legalName\":\"Feel South America\"}]}<\/script>\n<!-- \/ Yoast SEO Premium plugin. -->","yoast_head_json":{"title":"T\u00e9rminos y condiciones - Feel South America","robots":{"index":"index","follow":"follow","max-snippet":"max-snippet:-1","max-image-preview":"max-image-preview:large","max-video-preview":"max-video-preview:-1"},"canonical":"https:\/\/feelsouthamerica.com\/es\/terminos-y-condiciones\/","og_locale":"es_ES","og_type":"article","og_title":"T\u00e9rminos y condiciones","og_description":"T\u00e9rminos y Condiciones T\u00e9rminos y condiciones Esta es una visi\u00f3n general de nuestros T\u00e9rminos y Condiciones. Ten en cuenta que pueden variar para ciertos itinerarios personalizados; si tienes alguna duda, ponte en contacto con tu consultor de Feel SouthAmerica. 1. ITINERARIO Aunque nuestros itinerarios est\u00e1n planeados con gran cuidado por nuestros expertos en destinos, por [&hellip;]","og_url":"https:\/\/feelsouthamerica.com\/es\/terminos-y-condiciones\/","og_site_name":"Feel South America","article_modified_time":"2025-01-24T17:18:34+00:00","twitter_card":"summary_large_image","twitter_misc":{"Tiempo de lectura":"5 minutos"},"schema":{"@context":"https:\/\/schema.org","@graph":[{"@type":"WebPage","@id":"https:\/\/feelsouthamerica.com\/es\/terminos-y-condiciones\/","url":"https:\/\/feelsouthamerica.com\/es\/terminos-y-condiciones\/","name":"T\u00e9rminos y condiciones - Feel South America","isPartOf":{"@id":"https:\/\/feelsouthamerica.com\/es\/#website"},"datePublished":"2025-01-24T15:22:29+00:00","dateModified":"2025-01-24T17:18:34+00:00","breadcrumb":{"@id":"https:\/\/feelsouthamerica.com\/es\/terminos-y-condiciones\/#breadcrumb"},"inLanguage":"es","potentialAction":[{"@type":"ReadAction","target":["https:\/\/feelsouthamerica.com\/es\/terminos-y-condiciones\/"]}]},{"@type":"BreadcrumbList","@id":"https:\/\/feelsouthamerica.com\/es\/terminos-y-condiciones\/#breadcrumb","itemListElement":[{"@type":"ListItem","position":1,"name":"Home","item":"https:\/\/feelsouthamerica.com\/es\/"},{"@type":"ListItem","position":2,"name":"T\u00e9rminos y condiciones"}]},{"@type":"WebSite","@id":"https:\/\/feelsouthamerica.com\/es\/#website","url":"https:\/\/feelsouthamerica.com\/es\/","name":"Feel South America","description":"The Authentic Southern Vibes","publisher":{"@id":"https:\/\/feelsouthamerica.com\/es\/#organization"},"potentialAction":[{"@type":"SearchAction","target":{"@type":"EntryPoint","urlTemplate":"https:\/\/feelsouthamerica.com\/es\/?s={search_term_string}"},"query-input":{"@type":"PropertyValueSpecification","valueRequired":true,"valueName":"search_term_string"}}],"inLanguage":"es"},{"@type":"Organization","@id":"https:\/\/feelsouthamerica.com\/es\/#organization","name":"Feel South America","url":"https:\/\/feelsouthamerica.com\/es\/","logo":{"@type":"ImageObject","inLanguage":"es","@id":"https:\/\/feelsouthamerica.com\/es\/#\/schema\/logo\/image\/","url":"https:\/\/feelsouthamerica.com\/wp-content\/uploads\/FSA-Logos-Fondo-Claro_r2_c1.png","contentUrl":"https:\/\/feelsouthamerica.com\/wp-content\/uploads\/FSA-Logos-Fondo-Claro_r2_c1.png","width":549,"height":475,"caption":"Feel South America"},"image":{"@id":"https:\/\/feelsouthamerica.com\/es\/#\/schema\/logo\/image\/"},"sameAs":["https:\/\/www.instagram.com\/feelsouthamerica\/"],"description":"We specialize in creating tailor-made trips across South America. Our passion is designing unique travel experiences that perfectly suit your tastes and lifestyle.","email":"hello@feelsouthamerica.com","telephone":"+1 561 437 2050","legalName":"Feel South America"}]}},"_links":{"self":[{"href":"https:\/\/feelsouthamerica.com\/es\/wp-json\/wp\/v2\/pages\/6370","targetHints":{"allow":["GET"]}}],"collection":[{"href":"https:\/\/feelsouthamerica.com\/es\/wp-json\/wp\/v2\/pages"}],"about":[{"href":"https:\/\/feelsouthamerica.com\/es\/wp-json\/wp\/v2\/types\/page"}],"author":[{"embeddable":true,"href":"https:\/\/feelsouthamerica.com\/es\/wp-json\/wp\/v2\/users\/2"}],"replies":[{"embeddable":true,"href":"https:\/\/feelsouthamerica.com\/es\/wp-json\/wp\/v2\/comments?post=6370"}],"version-history":[{"count":57,"href":"https:\/\/feelsouthamerica.com\/es\/wp-json\/wp\/v2\/pages\/6370\/revisions"}],"predecessor-version":[{"id":6446,"href":"https:\/\/feelsouthamerica.com\/es\/wp-json\/wp\/v2\/pages\/6370\/revisions\/6446"}],"wp:attachment":[{"href":"https:\/\/feelsouthamerica.com\/es\/wp-json\/wp\/v2\/media?parent=6370"}],"curies":[{"name":"wp","href":"https:\/\/api.w.org\/{rel}","templated":true}]}}